{"id":988407,"date":"2026-02-13T11:07:40","date_gmt":"2026-02-13T11:07:40","guid":{"rendered":"https:\/\/colegiosantotomas.es\/?page_id=988407"},"modified":"2026-04-12T20:41:58","modified_gmt":"2026-04-12T20:41:58","slug":"comedor","status":"publish","type":"page","link":"https:\/\/colegiosantotomas.es\/index.php\/comedor\/","title":{"rendered":"Comedor"},"content":{"rendered":"\t\t<div data-elementor-type=\"wp-page\" data-elementor-id=\"988407\" class=\"elementor elementor-988407\" data-elementor-post-type=\"page\">\n\t\t\t\t\t\t<section class=\"elementor-section elementor-top-section elementor-element elementor-element-8595a40 elementor-section-height-min-height elementor-section-boxed elementor-section-height-default elementor-section-items-middle\" data-id=\"8595a40\" data-element_type=\"section\" data-e-type=\"section\" data-settings=\"{&quot;background_background&quot;:&quot;classic&quot;}\">\n\t\t\t\t\t\t\t<div class=\"elementor-background-overlay\"><\/div>\n\t\t\t\t\t\t\t<div class=\"elementor-container elementor-column-gap-default\">\n\t\t\t\t\t<div class=\"elementor-column elementor-col-100 elementor-top-column elementor-element elementor-element-610e8249\" data-id=\"610e8249\" data-element_type=\"column\" data-e-type=\"column\" data-settings=\"{&quot;background_background&quot;:&quot;classic&quot;}\">\n\t\t\t<div class=\"elementor-widget-wrap\">\n\t\t\t\t\t\t\t<\/div>\n\t\t<\/div>\n\t\t\t\t\t<\/div>\n\t\t<\/section>\n\t\t\t\t<section class=\"elementor-section elementor-top-section elementor-element elementor-element-d1f3abe elementor-section-boxed elementor-section-height-default elementor-section-height-default\" data-id=\"d1f3abe\" data-element_type=\"section\" data-e-type=\"section\">\n\t\t\t\t\t\t<div class=\"elementor-container elementor-column-gap-no\">\n\t\t\t\t\t<div class=\"elementor-column elementor-col-50 elementor-top-column elementor-element elementor-element-b6d9d67 animated-fast elementor-invisible\" data-id=\"b6d9d67\" data-element_type=\"column\" data-e-type=\"column\" data-settings=\"{&quot;background_background&quot;:&quot;classic&quot;,&quot;animation&quot;:&quot;fadeIn&quot;,&quot;animation_delay&quot;:100,&quot;animation_tablet&quot;:&quot;none&quot;,&quot;animation_mobile&quot;:&quot;none&quot;}\">\n\t\t\t<div class=\"elementor-widget-wrap elementor-element-populated\">\n\t\t\t\t\t\t\t<\/div>\n\t\t<\/div>\n\t\t\t\t<div class=\"elementor-column elementor-col-50 elementor-top-column elementor-element elementor-element-608b5a1 elementor-hidden-desktop elementor-hidden-tablet elementor-hidden-phone\" data-id=\"608b5a1\" data-element_type=\"column\" data-e-type=\"column\">\n\t\t\t<div class=\"elementor-widget-wrap elementor-element-populated\">\n\t\t\t\t\t\t<div class=\"elementor-element elementor-element-a4f977f elementor-widget elementor-widget-image\" data-id=\"a4f977f\" data-element_type=\"widget\" data-e-type=\"widget\" data-widget_type=\"image.default\">\n\t\t\t\t<div class=\"elementor-widget-container\">\n\t\t\t\t\t\t\t\t\t<div class=\"elementor-image\">\n\t\t\t\t\t\t\t\t\t\t\t\t\t\t\t\t\t\t\t\t\t<img decoding=\"async\" src=\"https:\/\/colegiosantotomas.es\/wp-content\/plugins\/elementor\/assets\/images\/placeholder.png\" title=\"\" alt=\"\" loading=\"lazy\" \/>\t\t\t\t\t\t\t\t\t\t\t\t\t\t\t\t\t\t\t\t\t\t\t\t<\/div>\n\t\t\t\t\t\t\t\t<\/div>\n\t\t\t\t<\/div>\n\t\t\t\t\t<\/div>\n\t\t<\/div>\n\t\t\t\t\t<\/div>\n\t\t<\/section>\n\t\t<div class=\"elementor-element elementor-element-d156089 e-flex e-con-boxed e-con e-parent\" data-id=\"d156089\" data-element_type=\"container\" data-e-type=\"container\">\n\t\t\t\t\t<div class=\"e-con-inner\">\n\t\t<div class=\"elementor-element elementor-element-9f2fee1 e-grid e-con-full e-con e-child\" data-id=\"9f2fee1\" data-element_type=\"container\" data-e-type=\"container\">\n\t\t\t\t<div class=\"elementor-element elementor-element-e7cd87f elementor-widget elementor-widget-heading\" data-id=\"e7cd87f\" data-element_type=\"widget\" data-e-type=\"widget\" data-widget_type=\"heading.default\">\n\t\t\t\t<div class=\"elementor-widget-container\">\n\t\t\t\t\t<h1 class=\"elementor-heading-title elementor-size-default\">Men\u00fa Abril 2026<\/h1>\t\t\t\t<\/div>\n\t\t\t\t<\/div>\n\t\t\t\t<div class=\"elementor-element elementor-element-37538b7 elementor-button-info elementor-widget elementor-widget-button\" data-id=\"37538b7\" data-element_type=\"widget\" data-e-type=\"widget\" data-widget_type=\"button.default\">\n\t\t\t\t<div class=\"elementor-widget-container\">\n\t\t\t\t\t\t\t\t\t<div class=\"elementor-button-wrapper\">\n\t\t\t\t\t<a class=\"elementor-button elementor-button-link elementor-size-sm\" href=\"https:\/\/colegiosantotomas.es\/wp-content\/uploads\/2026\/04\/ABRIL-2026.pdf\" target=\"_blank\" rel=\"nofollow\">\n\t\t\t\t\t\t<span class=\"elementor-button-content-wrapper\">\n\t\t\t\t\t\t\t\t\t<span class=\"elementor-button-text\">Ver Men\u00fa<\/span>\n\t\t\t\t\t<\/span>\n\t\t\t\t\t<\/a>\n\t\t\t\t<\/div>\n\t\t\t\t\t\t\t\t<\/div>\n\t\t\t\t<\/div>\n\t\t\t\t<div class=\"elementor-element elementor-element-1186004 elementor-widget elementor-widget-heading\" data-id=\"1186004\" data-element_type=\"widget\" data-e-type=\"widget\" data-widget_type=\"heading.default\">\n\t\t\t\t<div class=\"elementor-widget-container\">\n\t\t\t\t\t<h1 class=\"elementor-heading-title elementor-size-default\">Men\u00fa Marzo 2026<\/h1>\t\t\t\t<\/div>\n\t\t\t\t<\/div>\n\t\t\t\t<div class=\"elementor-element elementor-element-d4ba7aa elementor-button-info elementor-widget elementor-widget-button\" data-id=\"d4ba7aa\" data-element_type=\"widget\" data-e-type=\"widget\" data-widget_type=\"button.default\">\n\t\t\t\t<div class=\"elementor-widget-container\">\n\t\t\t\t\t\t\t\t\t<div class=\"elementor-button-wrapper\">\n\t\t\t\t\t<a class=\"elementor-button elementor-button-link elementor-size-sm\" href=\"https:\/\/colegiosantotomas.es\/wp-content\/uploads\/2026\/03\/MARZO-2026.pdf\" target=\"_blank\" rel=\"nofollow\">\n\t\t\t\t\t\t<span class=\"elementor-button-content-wrapper\">\n\t\t\t\t\t\t\t\t\t<span class=\"elementor-button-text\">Ver Men\u00fa<\/span>\n\t\t\t\t\t<\/span>\n\t\t\t\t\t<\/a>\n\t\t\t\t<\/div>\n\t\t\t\t\t\t\t\t<\/div>\n\t\t\t\t<\/div>\n\t\t\t\t<div class=\"elementor-element elementor-element-3e6246a elementor-widget elementor-widget-heading\" data-id=\"3e6246a\" data-element_type=\"widget\" data-e-type=\"widget\" data-widget_type=\"heading.default\">\n\t\t\t\t<div class=\"elementor-widget-container\">\n\t\t\t\t\t<h1 class=\"elementor-heading-title elementor-size-default\">Men\u00fa Febrero 2026<\/h1>\t\t\t\t<\/div>\n\t\t\t\t<\/div>\n\t\t\t\t<div class=\"elementor-element elementor-element-9309901 elementor-button-info elementor-widget elementor-widget-button\" data-id=\"9309901\" data-element_type=\"widget\" data-e-type=\"widget\" data-widget_type=\"button.default\">\n\t\t\t\t<div class=\"elementor-widget-container\">\n\t\t\t\t\t\t\t\t\t<div class=\"elementor-button-wrapper\">\n\t\t\t\t\t<a class=\"elementor-button elementor-button-link elementor-size-sm\" href=\"https:\/\/colegiosantotomas.es\/wp-content\/uploads\/2026\/02\/FEBRERO-2025.pdf\" target=\"_blank\" rel=\"nofollow\">\n\t\t\t\t\t\t<span class=\"elementor-button-content-wrapper\">\n\t\t\t\t\t\t\t\t\t<span class=\"elementor-button-text\">Ver Men\u00fa<\/span>\n\t\t\t\t\t<\/span>\n\t\t\t\t\t<\/a>\n\t\t\t\t<\/div>\n\t\t\t\t\t\t\t\t<\/div>\n\t\t\t\t<\/div>\n\t\t\t\t<\/div>\n\t\t\t\t\t<\/div>\n\t\t\t\t<\/div>\n\t\t\t\t<\/div>\n\t\t","protected":false},"excerpt":{"rendered":"<p>Men\u00fa Abril 2026 Ver Men\u00fa Men\u00fa Marzo 2026 Ver Men\u00fa Men\u00fa Febrero 2026 Ver Men\u00fa<\/p>\n","protected":false},"author":1,"featured_media":0,"parent":0,"menu_order":0,"comment_status":"closed","ping_status":"closed","template":"","meta":{"_eb_attr":"","footnotes":""},"class_list":["post-988407","page","type-page","status-publish","hentry"],"yoast_head":"<!-- This site is optimized with the Yoast SEO plugin v27.4 - https:\/\/yoast.com\/product\/yoast-seo-wordpress\/ -->\n<title>Comedor - Colegio Santo Tom\u00e1s de Ciudad Real<\/title>\n<meta name=\"robots\" content=\"index, follow, max-snippet:-1, max-image-preview:large, max-video-preview:-1\" \/>\n<link rel=\"canonical\" href=\"https:\/\/colegiosantotomas.es\/index.php\/comedor\/\" \/>\n<meta property=\"og:locale\" content=\"es_ES\" \/>\n<meta property=\"og:type\" content=\"article\" \/>\n<meta property=\"og:title\" content=\"Comedor - Colegio Santo Tom\u00e1s de Ciudad Real\" \/>\n<meta property=\"og:description\" content=\"Men\u00fa Abril 2026 Ver Men\u00fa Men\u00fa Marzo 2026 Ver Men\u00fa Men\u00fa Febrero 2026 Ver Men\u00fa\" \/>\n<meta property=\"og:url\" content=\"https:\/\/colegiosantotomas.es\/index.php\/comedor\/\" \/>\n<meta property=\"og:site_name\" content=\"Colegio Santo Tom\u00e1s de Ciudad Real\" \/>\n<meta property=\"article:modified_time\" content=\"2026-04-12T20:41:58+00:00\" \/>\n<meta property=\"og:image\" content=\"https:\/\/colegiosantotomas.es\/wp-content\/plugins\/elementor\/assets\/images\/placeholder.png\" \/>\n<meta name=\"twitter:card\" content=\"summary_large_image\" \/>\n<meta name=\"twitter:label1\" content=\"Tiempo de lectura\" \/>\n\t<meta name=\"twitter:data1\" content=\"1 minuto\" \/>\n<script type=\"application\/ld+json\" class=\"yoast-schema-graph\">{\"@context\":\"https:\\\/\\\/schema.org\",\"@graph\":[{\"@type\":\"WebPage\",\"@id\":\"https:\\\/\\\/colegiosantotomas.es\\\/index.php\\\/comedor\\\/\",\"url\":\"https:\\\/\\\/colegiosantotomas.es\\\/index.php\\\/comedor\\\/\",\"name\":\"Comedor - Colegio Santo Tom\u00e1s de Ciudad Real\",\"isPartOf\":{\"@id\":\"https:\\\/\\\/colegiosantotomas.es\\\/#website\"},\"primaryImageOfPage\":{\"@id\":\"https:\\\/\\\/colegiosantotomas.es\\\/index.php\\\/comedor\\\/#primaryimage\"},\"image\":{\"@id\":\"https:\\\/\\\/colegiosantotomas.es\\\/index.php\\\/comedor\\\/#primaryimage\"},\"thumbnailUrl\":\"https:\\\/\\\/colegiosantotomas.es\\\/wp-content\\\/plugins\\\/elementor\\\/assets\\\/images\\\/placeholder.png\",\"datePublished\":\"2026-02-13T11:07:40+00:00\",\"dateModified\":\"2026-04-12T20:41:58+00:00\",\"breadcrumb\":{\"@id\":\"https:\\\/\\\/colegiosantotomas.es\\\/index.php\\\/comedor\\\/#breadcrumb\"},\"inLanguage\":\"es\",\"potentialAction\":[{\"@type\":\"ReadAction\",\"target\":[\"https:\\\/\\\/colegiosantotomas.es\\\/index.php\\\/comedor\\\/\"]}]},{\"@type\":\"ImageObject\",\"inLanguage\":\"es\",\"@id\":\"https:\\\/\\\/colegiosantotomas.es\\\/index.php\\\/comedor\\\/#primaryimage\",\"url\":\"https:\\\/\\\/colegiosantotomas.es\\\/wp-content\\\/plugins\\\/elementor\\\/assets\\\/images\\\/placeholder.png\",\"contentUrl\":\"https:\\\/\\\/colegiosantotomas.es\\\/wp-content\\\/plugins\\\/elementor\\\/assets\\\/images\\\/placeholder.png\"},{\"@type\":\"BreadcrumbList\",\"@id\":\"https:\\\/\\\/colegiosantotomas.es\\\/index.php\\\/comedor\\\/#breadcrumb\",\"itemListElement\":[{\"@type\":\"ListItem\",\"position\":1,\"name\":\"Home\",\"item\":\"https:\\\/\\\/colegiosantotomas.es\\\/\"},{\"@type\":\"ListItem\",\"position\":2,\"name\":\"Comedor\"}]},{\"@type\":\"WebSite\",\"@id\":\"https:\\\/\\\/colegiosantotomas.es\\\/#website\",\"url\":\"https:\\\/\\\/colegiosantotomas.es\\\/\",\"name\":\"Colegio Santo Tom\u00e1s de Ciudad Real\",\"description\":\"Colegio Santo Tom\u00e1s de Ciudad Real\",\"publisher\":{\"@id\":\"https:\\\/\\\/colegiosantotomas.es\\\/#organization\"},\"potentialAction\":[{\"@type\":\"SearchAction\",\"target\":{\"@type\":\"EntryPoint\",\"urlTemplate\":\"https:\\\/\\\/colegiosantotomas.es\\\/?s={search_term_string}\"},\"query-input\":{\"@type\":\"PropertyValueSpecification\",\"valueRequired\":true,\"valueName\":\"search_term_string\"}}],\"inLanguage\":\"es\"},{\"@type\":\"Organization\",\"@id\":\"https:\\\/\\\/colegiosantotomas.es\\\/#organization\",\"name\":\"Colegio Santo Tom\u00e1s de Ciudad Real\",\"url\":\"https:\\\/\\\/colegiosantotomas.es\\\/\",\"logo\":{\"@type\":\"ImageObject\",\"inLanguage\":\"es\",\"@id\":\"https:\\\/\\\/colegiosantotomas.es\\\/#\\\/schema\\\/logo\\\/image\\\/\",\"url\":\"https:\\\/\\\/colegiosantotomas.es\\\/wp-content\\\/uploads\\\/2020\\\/02\\\/Equipo-directivo-2.png\",\"contentUrl\":\"https:\\\/\\\/colegiosantotomas.es\\\/wp-content\\\/uploads\\\/2020\\\/02\\\/Equipo-directivo-2.png\",\"width\":1414,\"height\":2000,\"caption\":\"Colegio Santo Tom\u00e1s de Ciudad Real\"},\"image\":{\"@id\":\"https:\\\/\\\/colegiosantotomas.es\\\/#\\\/schema\\\/logo\\\/image\\\/\"}}]}<\/script>\n<!-- \/ Yoast SEO plugin. -->","yoast_head_json":{"title":"Comedor - Colegio Santo Tom\u00e1s de Ciudad Real","robots":{"index":"index","follow":"follow","max-snippet":"max-snippet:-1","max-image-preview":"max-image-preview:large","max-video-preview":"max-video-preview:-1"},"canonical":"https:\/\/colegiosantotomas.es\/index.php\/comedor\/","og_locale":"es_ES","og_type":"article","og_title":"Comedor - Colegio Santo Tom\u00e1s de Ciudad Real","og_description":"Men\u00fa Abril 2026 Ver Men\u00fa Men\u00fa Marzo 2026 Ver Men\u00fa Men\u00fa Febrero 2026 Ver Men\u00fa","og_url":"https:\/\/colegiosantotomas.es\/index.php\/comedor\/","og_site_name":"Colegio Santo Tom\u00e1s de Ciudad Real","article_modified_time":"2026-04-12T20:41:58+00:00","og_image":[{"url":"https:\/\/colegiosantotomas.es\/wp-content\/plugins\/elementor\/assets\/images\/placeholder.png","type":"","width":"","height":""}],"twitter_card":"summary_large_image","twitter_misc":{"Tiempo de lectura":"1 minuto"},"schema":{"@context":"https:\/\/schema.org","@graph":[{"@type":"WebPage","@id":"https:\/\/colegiosantotomas.es\/index.php\/comedor\/","url":"https:\/\/colegiosantotomas.es\/index.php\/comedor\/","name":"Comedor - Colegio Santo Tom\u00e1s de Ciudad Real","isPartOf":{"@id":"https:\/\/colegiosantotomas.es\/#website"},"primaryImageOfPage":{"@id":"https:\/\/colegiosantotomas.es\/index.php\/comedor\/#primaryimage"},"image":{"@id":"https:\/\/colegiosantotomas.es\/index.php\/comedor\/#primaryimage"},"thumbnailUrl":"https:\/\/colegiosantotomas.es\/wp-content\/plugins\/elementor\/assets\/images\/placeholder.png","datePublished":"2026-02-13T11:07:40+00:00","dateModified":"2026-04-12T20:41:58+00:00","breadcrumb":{"@id":"https:\/\/colegiosantotomas.es\/index.php\/comedor\/#breadcrumb"},"inLanguage":"es","potentialAction":[{"@type":"ReadAction","target":["https:\/\/colegiosantotomas.es\/index.php\/comedor\/"]}]},{"@type":"ImageObject","inLanguage":"es","@id":"https:\/\/colegiosantotomas.es\/index.php\/comedor\/#primaryimage","url":"https:\/\/colegiosantotomas.es\/wp-content\/plugins\/elementor\/assets\/images\/placeholder.png","contentUrl":"https:\/\/colegiosantotomas.es\/wp-content\/plugins\/elementor\/assets\/images\/placeholder.png"},{"@type":"BreadcrumbList","@id":"https:\/\/colegiosantotomas.es\/index.php\/comedor\/#breadcrumb","itemListElement":[{"@type":"ListItem","position":1,"name":"Home","item":"https:\/\/colegiosantotomas.es\/"},{"@type":"ListItem","position":2,"name":"Comedor"}]},{"@type":"WebSite","@id":"https:\/\/colegiosantotomas.es\/#website","url":"https:\/\/colegiosantotomas.es\/","name":"Colegio Santo Tom\u00e1s de Ciudad Real","description":"Colegio Santo Tom\u00e1s de Ciudad Real","publisher":{"@id":"https:\/\/colegiosantotomas.es\/#organization"},"potentialAction":[{"@type":"SearchAction","target":{"@type":"EntryPoint","urlTemplate":"https:\/\/colegiosantotomas.es\/?s={search_term_string}"},"query-input":{"@type":"PropertyValueSpecification","valueRequired":true,"valueName":"search_term_string"}}],"inLanguage":"es"},{"@type":"Organization","@id":"https:\/\/colegiosantotomas.es\/#organization","name":"Colegio Santo Tom\u00e1s de Ciudad Real","url":"https:\/\/colegiosantotomas.es\/","logo":{"@type":"ImageObject","inLanguage":"es","@id":"https:\/\/colegiosantotomas.es\/#\/schema\/logo\/image\/","url":"https:\/\/colegiosantotomas.es\/wp-content\/uploads\/2020\/02\/Equipo-directivo-2.png","contentUrl":"https:\/\/colegiosantotomas.es\/wp-content\/uploads\/2020\/02\/Equipo-directivo-2.png","width":1414,"height":2000,"caption":"Colegio Santo Tom\u00e1s de Ciudad Real"},"image":{"@id":"https:\/\/colegiosantotomas.es\/#\/schema\/logo\/image\/"}}]}},"_links":{"self":[{"href":"https:\/\/colegiosantotomas.es\/index.php\/wp-json\/wp\/v2\/pages\/988407","targetHints":{"allow":["GET"]}}],"collection":[{"href":"https:\/\/colegiosantotomas.es\/index.php\/wp-json\/wp\/v2\/pages"}],"about":[{"href":"https:\/\/colegiosantotomas.es\/index.php\/wp-json\/wp\/v2\/types\/page"}],"author":[{"embeddable":true,"href":"https:\/\/colegiosantotomas.es\/index.php\/wp-json\/wp\/v2\/users\/1"}],"replies":[{"embeddable":true,"href":"https:\/\/colegiosantotomas.es\/index.php\/wp-json\/wp\/v2\/comments?post=988407"}],"version-history":[{"count":13,"href":"https:\/\/colegiosantotomas.es\/index.php\/wp-json\/wp\/v2\/pages\/988407\/revisions"}],"predecessor-version":[{"id":988544,"href":"https:\/\/colegiosantotomas.es\/index.php\/wp-json\/wp\/v2\/pages\/988407\/revisions\/988544"}],"wp:attachment":[{"href":"https:\/\/colegiosantotomas.es\/index.php\/wp-json\/wp\/v2\/media?parent=988407"}],"curies":[{"name":"wp","href":"https:\/\/api.w.org\/{rel}","templated":true}]}}