{"id":988792,"date":"2026-04-28T06:52:02","date_gmt":"2026-04-28T06:52:02","guid":{"rendered":"https:\/\/colegiosantotomas.es\/?page_id=988792"},"modified":"2026-04-28T06:53:34","modified_gmt":"2026-04-28T06:53:34","slug":"trabaja-con-nosotros-2","status":"publish","type":"page","link":"https:\/\/colegiosantotomas.es\/index.php\/trabaja-con-nosotros-2\/","title":{"rendered":"Trabaja con Nosotros"},"content":{"rendered":"\t\t<div data-elementor-type=\"wp-page\" data-elementor-id=\"988792\" class=\"elementor elementor-988792\" data-elementor-post-type=\"page\">\n\t\t\t\t\t\t<section class=\"elementor-section elementor-top-section elementor-element elementor-element-8595a40 elementor-section-height-min-height elementor-section-boxed elementor-section-height-default elementor-section-items-middle\" data-id=\"8595a40\" data-element_type=\"section\" data-e-type=\"section\" data-settings=\"{&quot;background_background&quot;:&quot;classic&quot;}\">\n\t\t\t\t\t\t\t<div class=\"elementor-background-overlay\"><\/div>\n\t\t\t\t\t\t\t<div class=\"elementor-container elementor-column-gap-default\">\n\t\t\t\t\t<div class=\"elementor-column elementor-col-100 elementor-top-column elementor-element elementor-element-610e8249\" data-id=\"610e8249\" data-element_type=\"column\" data-e-type=\"column\" data-settings=\"{&quot;background_background&quot;:&quot;classic&quot;}\">\n\t\t\t<div class=\"elementor-widget-wrap\">\n\t\t\t\t\t\t\t<\/div>\n\t\t<\/div>\n\t\t\t\t\t<\/div>\n\t\t<\/section>\n\t\t\t\t<section class=\"elementor-section elementor-top-section elementor-element elementor-element-d1f3abe elementor-section-boxed elementor-section-height-default elementor-section-height-default\" data-id=\"d1f3abe\" data-element_type=\"section\" data-e-type=\"section\">\n\t\t\t\t\t\t<div class=\"elementor-container elementor-column-gap-no\">\n\t\t\t\t\t<div class=\"elementor-column elementor-col-50 elementor-top-column elementor-element elementor-element-b6d9d67 animated-fast elementor-invisible\" data-id=\"b6d9d67\" data-element_type=\"column\" data-e-type=\"column\" data-settings=\"{&quot;background_background&quot;:&quot;classic&quot;,&quot;animation&quot;:&quot;fadeIn&quot;,&quot;animation_delay&quot;:100,&quot;animation_tablet&quot;:&quot;none&quot;,&quot;animation_mobile&quot;:&quot;none&quot;}\">\n\t\t\t<div class=\"elementor-widget-wrap elementor-element-populated\">\n\t\t\t\t\t\t\t<\/div>\n\t\t<\/div>\n\t\t\t\t<div class=\"elementor-column elementor-col-50 elementor-top-column elementor-element elementor-element-608b5a1 elementor-hidden-desktop elementor-hidden-tablet elementor-hidden-phone\" data-id=\"608b5a1\" data-element_type=\"column\" data-e-type=\"column\">\n\t\t\t<div class=\"elementor-widget-wrap\">\n\t\t\t\t\t\t\t<\/div>\n\t\t<\/div>\n\t\t\t\t\t<\/div>\n\t\t<\/section>\n\t\t<div class=\"elementor-element elementor-element-c95af42 e-flex e-con-boxed e-con e-parent\" data-id=\"c95af42\" data-element_type=\"container\" data-e-type=\"container\">\n\t\t\t\t\t<div class=\"e-con-inner\">\n\t\t<div class=\"elementor-element elementor-element-a4660eb e-flex e-con-boxed e-con e-child\" data-id=\"a4660eb\" data-element_type=\"container\" data-e-type=\"container\">\n\t\t\t\t\t<div class=\"e-con-inner\">\n\t\t\t\t<div class=\"elementor-element elementor-element-409e109 elementor-widget elementor-widget-tp-contact-form-7\" data-id=\"409e109\" data-element_type=\"widget\" data-e-type=\"widget\" data-widget_type=\"tp-contact-form-7.default\">\n\t\t\t\t<div class=\"elementor-widget-container\">\n\t\t\t\t\t<div class=\"theplus-contact-form plus-cf7-label  text-center    after \" >\n<div class=\"wpcf7 no-js\" id=\"wpcf7-f988119-o1\" lang=\"es-ES\" dir=\"ltr\" data-wpcf7-id=\"988119\">\n<div class=\"screen-reader-response\"><p role=\"status\" aria-live=\"polite\" aria-atomic=\"true\"><\/p> <ul><\/ul><\/div>\n<form action=\"\/index.php\/wp-json\/wp\/v2\/pages\/988792#wpcf7-f988119-o1\" method=\"post\" class=\"wpcf7-form init\" aria-label=\"Formulario de contacto\" enctype=\"multipart\/form-data\" novalidate=\"novalidate\" data-status=\"init\">\n<fieldset class=\"hidden-fields-container\"><input type=\"hidden\" name=\"_wpcf7\" value=\"988119\" \/><input type=\"hidden\" name=\"_wpcf7_version\" value=\"6.1.5\" \/><input type=\"hidden\" name=\"_wpcf7_locale\" value=\"es_ES\" \/><input type=\"hidden\" name=\"_wpcf7_unit_tag\" value=\"wpcf7-f988119-o1\" \/><input type=\"hidden\" name=\"_wpcf7_container_post\" value=\"0\" \/><input type=\"hidden\" name=\"_wpcf7_posted_data_hash\" value=\"\" \/>\n<\/fieldset>\n<p><label> Nombre Completo<br \/>\n<span class=\"wpcf7-form-control-wrap\" data-name=\"your-name\"><input size=\"40\" maxlength=\"400\" class=\"wpcf7-form-control wpcf7-text wpcf7-validates-as-required\" autocomplete=\"name\" aria-required=\"true\" aria-invalid=\"false\" value=\"\" type=\"text\" name=\"your-name\" \/><\/span> <\/label>\n<\/p>\n<p><label> Tu correo electr\u00f3nico<br \/>\n<span class=\"wpcf7-form-control-wrap\" data-name=\"your-email\"><input size=\"40\" maxlength=\"400\" class=\"wpcf7-form-control wpcf7-email wpcf7-validates-as-required wpcf7-text wpcf7-validates-as-email\" autocomplete=\"email\" aria-required=\"true\" aria-invalid=\"false\" value=\"\" type=\"email\" name=\"your-email\" \/><\/span> <\/label>\n<\/p>\n<p><label> Asunto<br \/>\n<span class=\"wpcf7-form-control-wrap\" data-name=\"your-subject\"><input size=\"40\" maxlength=\"400\" class=\"wpcf7-form-control wpcf7-text wpcf7-validates-as-required\" aria-required=\"true\" aria-invalid=\"false\" value=\"\" type=\"text\" name=\"your-subject\" \/><\/span> <\/label>\n<\/p>\n<p><label> Tu mensaje (opcional)<br \/>\n<span class=\"wpcf7-form-control-wrap\" data-name=\"your-message\"><textarea cols=\"40\" rows=\"10\" maxlength=\"2000\" class=\"wpcf7-form-control wpcf7-textarea\" aria-invalid=\"false\" name=\"your-message\"><\/textarea><\/span> <\/label><br \/>\n<label>Curriculum (Formato admitido: PDF Tama\u00f1o M\u00e1ximo: 10Mb.)<\/label><br \/>\n<span class=\"wpcf7-form-control-wrap\" data-name=\"curriculum\"><input size=\"40\" class=\"wpcf7-form-control wpcf7-file\" accept=\".pdf\" aria-invalid=\"false\" type=\"file\" name=\"curriculum\" \/><\/span>\n<\/p>\n<p><span class=\"wpcf7-form-control-wrap\" data-name=\"hcap-cf7\">\t\t<input\n\t\t\t\ttype=\"hidden\"\n\t\t\t\tclass=\"hcaptcha-widget-id\"\n\t\t\t\tname=\"hcaptcha-widget-id\"\n\t\t\t\tvalue=\"eyJzb3VyY2UiOlsiY29udGFjdC1mb3JtLTdcL3dwLWNvbnRhY3QtZm9ybS03LnBocCJdLCJmb3JtX2lkIjo5ODgxMTl9-310512066f3e26441186067d061644fb\">\n\t\t\t\t<span id=\"hcap_cf7-69f5dfce1f4c18.94705653\" class=\"wpcf7-form-control h-captcha \"\n\t\t\tdata-sitekey=\"1602114e-fdc2-4926-a074-768cfe8a0134\"\n\t\t\tdata-theme=\"light\"\n\t\t\tdata-size=\"normal\"\n\t\t\tdata-auto=\"false\"\n\t\t\tdata-ajax=\"false\"\n\t\t\tdata-force=\"false\">\n\t\t<\/span>\n\t\t<input type=\"hidden\" id=\"_wpnonce\" name=\"_wpnonce\" value=\"fbd89dc167\" \/><input type=\"hidden\" name=\"_wp_http_referer\" value=\"\/index.php\/wp-json\/wp\/v2\/pages\/988792\" \/><\/span><input class=\"wpcf7-form-control wpcf7-submit has-spinner\" type=\"submit\" value=\"Enviar\" \/>\n<\/p><div class=\"wpcf7-response-output\" aria-hidden=\"true\"><\/div>\n<\/form>\n<\/div>\n<\/div>\t\t\t\t<\/div>\n\t\t\t\t<\/div>\n\t\t\t\t\t<\/div>\n\t\t\t\t<\/div>\n\t\t\t\t\t<\/div>\n\t\t\t\t<\/div>\n\t\t\t\t<section class=\"elementor-section elementor-top-section elementor-element elementor-element-95adad3 elementor-hidden-desktop elementor-hidden-tablet elementor-hidden-mobile elementor-section-boxed elementor-section-height-default elementor-section-height-default\" data-id=\"95adad3\" data-element_type=\"section\" data-e-type=\"section\">\n\t\t\t\t\t\t<div class=\"elementor-container elementor-column-gap-default\">\n\t\t\t\t\t<div class=\"elementor-column elementor-col-100 elementor-top-column elementor-element elementor-element-8d6ff7b\" data-id=\"8d6ff7b\" data-element_type=\"column\" data-e-type=\"column\">\n\t\t\t<div class=\"elementor-widget-wrap elementor-element-populated\">\n\t\t\t\t\t\t<div class=\"elementor-element elementor-element-05a0683 elementor-widget__width-auto animated-fast elementor-invisible elementor-widget elementor-widget-heading\" data-id=\"05a0683\" data-element_type=\"widget\" data-e-type=\"widget\" data-settings=\"{&quot;_animation&quot;:&quot;fadeIn&quot;,&quot;_animation_tablet&quot;:&quot;none&quot;,&quot;_animation_mobile&quot;:&quot;none&quot;,&quot;_animation_delay&quot;:200}\" data-widget_type=\"heading.default\">\n\t\t\t\t<div class=\"elementor-widget-container\">\n\t\t\t\t\t<h1 class=\"elementor-heading-title elementor-size-default\">FORM<\/h1>\t\t\t\t<\/div>\n\t\t\t\t<\/div>\n\t\t\t\t\t<\/div>\n\t\t<\/div>\n\t\t\t\t\t<\/div>\n\t\t<\/section>\n\t\t\t\t<\/div>\n\t\t","protected":false},"excerpt":{"rendered":"<p>Nombre Completo Tu correo electr\u00f3nico Asunto Tu mensaje (opcional) Curriculum (Formato admitido: PDF Tama\u00f1o M\u00e1ximo: 10Mb.) FORM<\/p>\n","protected":false},"author":1,"featured_media":0,"parent":0,"menu_order":0,"comment_status":"closed","ping_status":"closed","template":"","meta":{"_eb_attr":"","footnotes":""},"class_list":["post-988792","page","type-page","status-publish","hentry"],"yoast_head":"<!-- This site is optimized with the Yoast SEO plugin v27.4 - https:\/\/yoast.com\/product\/yoast-seo-wordpress\/ -->\n<title>Trabaja con Nosotros - Colegio Santo Tom\u00e1s de Ciudad Real<\/title>\n<meta name=\"robots\" content=\"index, follow, max-snippet:-1, max-image-preview:large, max-video-preview:-1\" \/>\n<link rel=\"canonical\" href=\"https:\/\/colegiosantotomas.es\/index.php\/trabaja-con-nosotros-2\/\" \/>\n<meta property=\"og:locale\" content=\"es_ES\" \/>\n<meta property=\"og:type\" content=\"article\" \/>\n<meta property=\"og:title\" content=\"Trabaja con Nosotros - Colegio Santo Tom\u00e1s de Ciudad Real\" \/>\n<meta property=\"og:description\" content=\"Nombre Completo Tu correo electr\u00f3nico Asunto Tu mensaje (opcional) Curriculum (Formato admitido: PDF Tama\u00f1o M\u00e1ximo: 10Mb.) FORM\" \/>\n<meta property=\"og:url\" content=\"https:\/\/colegiosantotomas.es\/index.php\/trabaja-con-nosotros-2\/\" \/>\n<meta property=\"og:site_name\" content=\"Colegio Santo Tom\u00e1s de Ciudad Real\" \/>\n<meta property=\"article:modified_time\" content=\"2026-04-28T06:53:34+00:00\" \/>\n<meta name=\"twitter:card\" content=\"summary_large_image\" \/>\n<meta name=\"twitter:label1\" content=\"Tiempo de lectura\" \/>\n\t<meta name=\"twitter:data1\" content=\"1 minuto\" \/>\n<script type=\"application\/ld+json\" class=\"yoast-schema-graph\">{\"@context\":\"https:\\\/\\\/schema.org\",\"@graph\":[{\"@type\":\"WebPage\",\"@id\":\"https:\\\/\\\/colegiosantotomas.es\\\/index.php\\\/trabaja-con-nosotros-2\\\/\",\"url\":\"https:\\\/\\\/colegiosantotomas.es\\\/index.php\\\/trabaja-con-nosotros-2\\\/\",\"name\":\"Trabaja con Nosotros - Colegio Santo Tom\u00e1s de Ciudad Real\",\"isPartOf\":{\"@id\":\"https:\\\/\\\/colegiosantotomas.es\\\/#website\"},\"datePublished\":\"2026-04-28T06:52:02+00:00\",\"dateModified\":\"2026-04-28T06:53:34+00:00\",\"breadcrumb\":{\"@id\":\"https:\\\/\\\/colegiosantotomas.es\\\/index.php\\\/trabaja-con-nosotros-2\\\/#breadcrumb\"},\"inLanguage\":\"es\",\"potentialAction\":[{\"@type\":\"ReadAction\",\"target\":[\"https:\\\/\\\/colegiosantotomas.es\\\/index.php\\\/trabaja-con-nosotros-2\\\/\"]}]},{\"@type\":\"BreadcrumbList\",\"@id\":\"https:\\\/\\\/colegiosantotomas.es\\\/index.php\\\/trabaja-con-nosotros-2\\\/#breadcrumb\",\"itemListElement\":[{\"@type\":\"ListItem\",\"position\":1,\"name\":\"Home\",\"item\":\"https:\\\/\\\/colegiosantotomas.es\\\/\"},{\"@type\":\"ListItem\",\"position\":2,\"name\":\"Trabaja con Nosotros\"}]},{\"@type\":\"WebSite\",\"@id\":\"https:\\\/\\\/colegiosantotomas.es\\\/#website\",\"url\":\"https:\\\/\\\/colegiosantotomas.es\\\/\",\"name\":\"Colegio Santo Tom\u00e1s de Ciudad Real\",\"description\":\"Colegio Santo Tom\u00e1s de Ciudad Real\",\"publisher\":{\"@id\":\"https:\\\/\\\/colegiosantotomas.es\\\/#organization\"},\"potentialAction\":[{\"@type\":\"SearchAction\",\"target\":{\"@type\":\"EntryPoint\",\"urlTemplate\":\"https:\\\/\\\/colegiosantotomas.es\\\/?s={search_term_string}\"},\"query-input\":{\"@type\":\"PropertyValueSpecification\",\"valueRequired\":true,\"valueName\":\"search_term_string\"}}],\"inLanguage\":\"es\"},{\"@type\":\"Organization\",\"@id\":\"https:\\\/\\\/colegiosantotomas.es\\\/#organization\",\"name\":\"Colegio Santo Tom\u00e1s de Ciudad Real\",\"url\":\"https:\\\/\\\/colegiosantotomas.es\\\/\",\"logo\":{\"@type\":\"ImageObject\",\"inLanguage\":\"es\",\"@id\":\"https:\\\/\\\/colegiosantotomas.es\\\/#\\\/schema\\\/logo\\\/image\\\/\",\"url\":\"https:\\\/\\\/colegiosantotomas.es\\\/wp-content\\\/uploads\\\/2025\\\/08\\\/logocolegio.png\",\"contentUrl\":\"https:\\\/\\\/colegiosantotomas.es\\\/wp-content\\\/uploads\\\/2025\\\/08\\\/logocolegio.png\",\"width\":1600,\"height\":1575,\"caption\":\"Colegio Santo Tom\u00e1s de Ciudad Real\"},\"image\":{\"@id\":\"https:\\\/\\\/colegiosantotomas.es\\\/#\\\/schema\\\/logo\\\/image\\\/\"}}]}<\/script>\n<!-- \/ Yoast SEO plugin. -->","yoast_head_json":{"title":"Trabaja con Nosotros - Colegio Santo Tom\u00e1s de Ciudad Real","robots":{"index":"index","follow":"follow","max-snippet":"max-snippet:-1","max-image-preview":"max-image-preview:large","max-video-preview":"max-video-preview:-1"},"canonical":"https:\/\/colegiosantotomas.es\/index.php\/trabaja-con-nosotros-2\/","og_locale":"es_ES","og_type":"article","og_title":"Trabaja con Nosotros - Colegio Santo Tom\u00e1s de Ciudad Real","og_description":"Nombre Completo Tu correo electr\u00f3nico Asunto Tu mensaje (opcional) Curriculum (Formato admitido: PDF Tama\u00f1o M\u00e1ximo: 10Mb.) FORM","og_url":"https:\/\/colegiosantotomas.es\/index.php\/trabaja-con-nosotros-2\/","og_site_name":"Colegio Santo Tom\u00e1s de Ciudad Real","article_modified_time":"2026-04-28T06:53:34+00:00","twitter_card":"summary_large_image","twitter_misc":{"Tiempo de lectura":"1 minuto"},"schema":{"@context":"https:\/\/schema.org","@graph":[{"@type":"WebPage","@id":"https:\/\/colegiosantotomas.es\/index.php\/trabaja-con-nosotros-2\/","url":"https:\/\/colegiosantotomas.es\/index.php\/trabaja-con-nosotros-2\/","name":"Trabaja con Nosotros - Colegio Santo Tom\u00e1s de Ciudad Real","isPartOf":{"@id":"https:\/\/colegiosantotomas.es\/#website"},"datePublished":"2026-04-28T06:52:02+00:00","dateModified":"2026-04-28T06:53:34+00:00","breadcrumb":{"@id":"https:\/\/colegiosantotomas.es\/index.php\/trabaja-con-nosotros-2\/#breadcrumb"},"inLanguage":"es","potentialAction":[{"@type":"ReadAction","target":["https:\/\/colegiosantotomas.es\/index.php\/trabaja-con-nosotros-2\/"]}]},{"@type":"BreadcrumbList","@id":"https:\/\/colegiosantotomas.es\/index.php\/trabaja-con-nosotros-2\/#breadcrumb","itemListElement":[{"@type":"ListItem","position":1,"name":"Home","item":"https:\/\/colegiosantotomas.es\/"},{"@type":"ListItem","position":2,"name":"Trabaja con Nosotros"}]},{"@type":"WebSite","@id":"https:\/\/colegiosantotomas.es\/#website","url":"https:\/\/colegiosantotomas.es\/","name":"Colegio Santo Tom\u00e1s de Ciudad Real","description":"Colegio Santo Tom\u00e1s de Ciudad Real","publisher":{"@id":"https:\/\/colegiosantotomas.es\/#organization"},"potentialAction":[{"@type":"SearchAction","target":{"@type":"EntryPoint","urlTemplate":"https:\/\/colegiosantotomas.es\/?s={search_term_string}"},"query-input":{"@type":"PropertyValueSpecification","valueRequired":true,"valueName":"search_term_string"}}],"inLanguage":"es"},{"@type":"Organization","@id":"https:\/\/colegiosantotomas.es\/#organization","name":"Colegio Santo Tom\u00e1s de Ciudad Real","url":"https:\/\/colegiosantotomas.es\/","logo":{"@type":"ImageObject","inLanguage":"es","@id":"https:\/\/colegiosantotomas.es\/#\/schema\/logo\/image\/","url":"https:\/\/colegiosantotomas.es\/wp-content\/uploads\/2025\/08\/logocolegio.png","contentUrl":"https:\/\/colegiosantotomas.es\/wp-content\/uploads\/2025\/08\/logocolegio.png","width":1600,"height":1575,"caption":"Colegio Santo Tom\u00e1s de Ciudad Real"},"image":{"@id":"https:\/\/colegiosantotomas.es\/#\/schema\/logo\/image\/"}}]}},"_links":{"self":[{"href":"https:\/\/colegiosantotomas.es\/index.php\/wp-json\/wp\/v2\/pages\/988792","targetHints":{"allow":["GET"]}}],"collection":[{"href":"https:\/\/colegiosantotomas.es\/index.php\/wp-json\/wp\/v2\/pages"}],"about":[{"href":"https:\/\/colegiosantotomas.es\/index.php\/wp-json\/wp\/v2\/types\/page"}],"author":[{"embeddable":true,"href":"https:\/\/colegiosantotomas.es\/index.php\/wp-json\/wp\/v2\/users\/1"}],"replies":[{"embeddable":true,"href":"https:\/\/colegiosantotomas.es\/index.php\/wp-json\/wp\/v2\/comments?post=988792"}],"version-history":[{"count":4,"href":"https:\/\/colegiosantotomas.es\/index.php\/wp-json\/wp\/v2\/pages\/988792\/revisions"}],"predecessor-version":[{"id":988796,"href":"https:\/\/colegiosantotomas.es\/index.php\/wp-json\/wp\/v2\/pages\/988792\/revisions\/988796"}],"wp:attachment":[{"href":"https:\/\/colegiosantotomas.es\/index.php\/wp-json\/wp\/v2\/media?parent=988792"}],"curies":[{"name":"wp","href":"https:\/\/api.w.org\/{rel}","templated":true}]}}